{"id":4207,"date":"2021-04-15T15:16:48","date_gmt":"2021-04-15T15:16:48","guid":{"rendered":"https:\/\/www.fundaciocatalunyacultura.cat\/?page_id=4207"},"modified":"2025-04-01T10:51:50","modified_gmt":"2025-04-01T10:51:50","slug":"politica-de-privacidad","status":"publish","type":"page","link":"https:\/\/fundaciocatalunyacultura.cat\/es\/politica-de-privacidad\/","title":{"rendered":"Pol\u00edtica de privacidad"},"content":{"rendered":"<h2>Pol\u00edtica de privacitat de la Fundaci\u00f3 Catalunya Cultura<\/h2>\n<p>La FUNDACI\u00d3 CATALUNYA CULTURA es compromet a realitzar els m\u00e0xims esfor\u00e7os per complir en tot moment en relaci\u00f3 amb els tractaments de dades que realitzi, amb la legislaci\u00f3 vigent en cada moment en mat\u00e8ria de protecci\u00f3 de dades, actualment el Reglament General de Protecci\u00f3 de Dades (UE) N\u00fam. 679\/2016 i la LOPDGDD 3\/2018 de 5 de desembre.<\/p>\n<p>A continuaci\u00f3, la FUNDACI\u00d3 CATALUNYA CULTURA informa els USUARIS sobre els termes i condicions en qu\u00e8 la FUNDACI\u00d3 CATALUNYA CULTURA tractar\u00e0 les seves dades de car\u00e0cter personal.<\/p>\n<h2>Responsable del tractament de les dades<\/h2>\n<p>FUNDACI\u00d3 CATALUNYA CULTURA CIF G-66.402.801<br \/>\nAvenida Diagonal, 452 (Edificio Cambra de Barcelona), 08006 Barcelona<br \/>\nAdre\u00e7a electr\u00f2nica general: info@fundaciocatalunyacultura.cat<br \/>\nTel\u00e8fon: 93 412 31 43<\/p>\n<h2>Tractament de les dades dels usuaris de la web que ens contactin per e-mail<\/h2>\n<p>1. Finalitat del Tractament de les dades dels usuaris que ens contactin per e-mail:<br \/>\nAtendre les sol\u00b7licituds d&#8217;informaci\u00f3 o consultes que els usuaris de la web ens envi\u00efn per e-mail.<br \/>\nLa FUNDACI\u00d3 CATALUNYA CULTURA no prendr\u00e0 decisions automatitzades sobre la base del seu perfil.<\/p>\n<p>2. Legitimaci\u00f3 per tractar les dades dels usuaris que ens contactin per e-mail:<br \/>\nLa base legal per tractar les dades dels usuaris de la web que ens contacten per e-mail \u00e9s l&#8217;obtenci\u00f3 del seu consentiment, que ens \u00e9s prestat en el moment en qu\u00e8 ens envien un e-mail.<\/p>\n<p>3. Per\u00edode de conservaci\u00f3:<br \/>\nConservarem les dades de les persones que ens contactin per e-mail, durant el termini m\u00e0xim de 12 mesos a partir de l&#8217;\u00faltima confirmaci\u00f3 d&#8217;inter\u00e8s per part seva sobre les activitats de la Fundaci\u00f3 Catalunya Cultura, llevat que pr\u00e8viament ens sol\u00b7liciti la supressi\u00f3 de les seves dades.<\/p>\n<h2>Tractament de les dades dels subscriptors destinataris de la newsletter de la Fundaci\u00f3 Catalunya Cultura<\/h2>\n<p>1. Finalitat del Tractament:<br \/>\nGestionar la subscripci\u00f3 i la remissi\u00f3 de la Newsleter\/butllet\u00ed de la FUNDACI\u00d3 CATALUNYA CULTURA.<\/p>\n<p>2. Legitimaci\u00f3:<br \/>\nObtenci\u00f3 del consentiment dels subscriptors, que ens \u00e9s prestat en el moment en qu\u00e8 ens envien el formulari de subscripci\u00f3 emplenat amb les seves dades.<br \/>\nD\u2019altra banda, la base legal per poder enviar la nostra Newsletter als Patrons, Membres del Consell de Mecenatge, al Grup de Treball de la Llei de Mecenatge, als participants al Programa Impulsa Cultura, a les Empreses amb el Segell d\u2019Empresa Compromesa amb La Cultura, \u00e9s l&#8217;inter\u00e8s leg\u00edtim de la FUNDACI\u00d3 CATALUNYA CULTURA.<\/p>\n<p>3. Per\u00edode de conservaci\u00f3:<br \/>\nLa FUNDACI\u00d3 CATALUNYA CULTURA conservar\u00e0 les dades dels destinataris\/subscriptors de la newsletter de la FUNDACI\u00d3 CATALUNYA CULTURA mentre aquests continu\u00efn subscrits al servei de recepci\u00f3 de la newsletter. Els destinataris es poden donar de baixa del servei de recepci\u00f3 de Newsletters en qualsevol moment, enviant un e-mail amb l\u2019assumpte Baixa a info@fundaciocatalunyacultura.cat.<\/p>\n<h2>Tractament de les dades dels adherits a la plataforma pel mecenatge<\/h2>\n<p>1. Finalitat del tractament:<br \/>\nGestionar l\u2019adhesi\u00f3 dels interessats a la Plataforma pel Mecenatge que t\u00e9 per objectiu promoure la proposta de reforma i millora de la Llei 49\/2002 de Mecenatge realitzada pel Grup de Treball de la Llei de Mecenatge de la Fundaci\u00f3 Catalunya Cultura.<br \/>\nPromoure la participaci\u00f3 en les accions en favor de la reforma i millora de la Llei 49\/2002 de Mecenatge que dugui a terme la Fundaci\u00f3 Catalunya Cultura.<\/p>\n<p>2. Legitimaci\u00f3:<br \/>\nConsentiment de l\u2019interessat, que ens \u00e9s prestat en el moment en qu\u00e8 ens envia el formulari d\u2019adhesi\u00f3 a la proposta de reforma i millora de la Llei 49\/2002 de Mecenatge realitzada pel Grup de Treball de la Llei de Mecenatge de la Fundaci\u00f3 Catalunya Cultura.<br \/>\nFormulari creat dins del domini de la Fundaci\u00f3 Catalunya Cultura https:\/\/www.fundaciocatalunyacultura.cat\/<\/p>\n<p>3. Per\u00edode de conservaci\u00f3:<br \/>\nConservarem les dades mentre continu\u00efn adherits a la Plataforma pel Mecenatge per a la reforma i millora de la Llei 49\/2002 de Mecenatge.<\/p>\n<p>4. Destinataris:<br \/>\nEls destinataris de les dades dels Adherits a la Plataforma pel Mecenatge s\u00f3n els Patrons, Directius i treballadors qualificats de la FUNDACI\u00d3 CATALUNYA CULTURA.<br \/>\nTamb\u00e9 poden tenir acc\u00e9s al nom dels Adherits a la Plataforma pel Mecenatge els visitants de la web que consultin la llista de les entitats adherides a la Plataforma pel Mecenatge.<br \/>\nEn qualsevol moment els adherits podran exercir el seu dret a cancel\u00b7lar o suprimir el tractament de les seves dades, i que el seu nom deixi de constar a la llista dels adherits, enviant un e-mail a info@fundaciocatalunyacultura.cat.<\/p>\n<h2>Tractament de les dades de les amistats en xarxes socials<\/h2>\n<p>La FUNDACI\u00d3 CATALUNYA CULTURA est\u00e0 present en les seg\u00fcents xarxes socials: Facebook, LinkedIn Twitter, Vimeo, YouTube, amb la finalitat d\u2019informar els usuaris d\u2019aquestes xarxes socials sobre les accions i els projectes que la FUNDACI\u00d3 CATALUNYA CULTURA duu a terme, per tal de captar simpatitzants, donants, Adherits a la Plataforma pel Mecenatge, persones i Entitats afins amb les accions, objectius i projectes que du a terme la Fundaci\u00f3 Catalunya Cultura.<br \/>\nLa legitimaci\u00f3 per al tractament de les dades de les amistats en xarxes socials \u00e9s el consentiment d\u2019aquestes amistats, quan decideixen seguir o deixar de seguir a la FUNDACI\u00d3 CATALUNYA CULTURA.<\/p>\n<h2>Tractament de les dades dels sol\u00b7licitants d\u2019ocupaci\u00f3 candidats en processos de selecci\u00f3 d&#8217;ocupaci\u00f3<\/h2>\n<p>1. Finalitat del Tractament:<br \/>\nLA FUNDACI\u00d3 CATALUNYA CULTURA tractar\u00e0 les dades dels sol\u00b7licitants d\u2019ocupaci\u00f3 amb la finalitat d\u2019incorporar i gestionar les seves dades en la nostra base de dades de candidats i de contactar amb el candidat\/ta quan el seu perfil encaixi en els processos de selecci\u00f3 de personal que la Fundaci\u00f3 realitzi.<br \/>\nLA FUNDACI\u00d3 CATALUNYA CULTURA no prendr\u00e0 decisions automatitzades sobre la base del seu perfil.<\/p>\n<p>2. Legitimaci\u00f3:<br \/>\nLa base legal per tractar les dades dels sol\u00b7licitants d\u2019ocupaci\u00f3-candidats en processos de selecci\u00f3 d\u2019ocupaci\u00f3 \u00e9s l\u2019obtenci\u00f3 del seu consentiment, mitjan\u00e7ant l&#8217;acci\u00f3 positiva, en el moment de fer-nos arribar el seu curr\u00edculum per qualsevol mitj\u00e0.<\/p>\n<p>3. Per\u00edode de conservaci\u00f3:<br \/>\nLA FUNDACI\u00d3 CATALUNYA CULTURA conservar\u00e0 les seves dades durant un m\u00e0xim de 5 anys, llevat que exerceixin el dret a la supressi\u00f3 o cancel\u00b7laci\u00f3 de les dades.<\/p>\n<h2>Drets que l\u2019assisteixen<\/h2>\n<p>Finalment, l\u2019informem que, si ho desitja, pot exercir els drets que el RGPD 679\/2016 reconeix a les persones interessades a accedir a les seves dades, a sol\u00b7licitar la rectificaci\u00f3 de les dades inexactes, a oposar-se al tractament de les seves dades en determinades circumst\u00e0ncies, a cancel\u00b7lar el tractament de les seves dades en determinades circumst\u00e0ncies, a sol\u00b7licitar la supressi\u00f3 de les seves dades quan, entre altres motius, les dades ja no siguin necess\u00e0ries per a la finalitat per a la qual es van recollir, a l\u2019oblit, a la limitaci\u00f3 del tractament i a la portabilitat de les dades, dirigint-se per escrit a info@fundaciocatalunyacultura.cat (aportant c\u00f2pia del seu DNI.<\/p>\n","protected":false},"excerpt":{"rendered":"<p>Pol\u00edtica de privacitat de la Fundaci\u00f3 Catalunya Cultura La FUNDACI\u00d3 CATALUNYA CULTURA es compromet a realitzar els m\u00e0xims esfor\u00e7os per complir en tot moment en relaci\u00f3 amb els tractaments de dades que realitzi, amb la legislaci\u00f3 vigent en cada moment en mat\u00e8ria de protecci\u00f3 de dades, actualment el Reglament General de Protecci\u00f3 de Dades (UE) [&hellip;]<\/p>\n","protected":false},"author":1,"featured_media":0,"parent":0,"menu_order":0,"comment_status":"closed","ping_status":"closed","template":"","meta":{"_acf_changed":false,"footnotes":""},"class_list":["post-4207","page","type-page","status-publish","hentry"],"acf":[],"yoast_head":"<!-- This site is optimized with the Yoast SEO plugin v25.1 - https:\/\/yoast.com\/wordpress\/plugins\/seo\/ -->\n<title>Pol\u00edtica de privacidad | Fundaci\u00f3 Catalunya Cultura<\/title>\n<meta name=\"robots\" content=\"index, follow, max-snippet:-1, max-image-preview:large, max-video-preview:-1\" \/>\n<link rel=\"canonical\" href=\"https:\/\/fundaciocatalunyacultura.cat\/es\/politica-de-privacidad\/\" \/>\n<meta property=\"og:locale\" content=\"es_ES\" \/>\n<meta property=\"og:type\" content=\"article\" \/>\n<meta property=\"og:title\" content=\"Pol\u00edtica de privacidad | Fundaci\u00f3 Catalunya Cultura\" \/>\n<meta property=\"og:description\" content=\"Pol\u00edtica de privacitat de la Fundaci\u00f3 Catalunya Cultura La FUNDACI\u00d3 CATALUNYA CULTURA es compromet a realitzar els m\u00e0xims esfor\u00e7os per complir en tot moment en relaci\u00f3 amb els tractaments de dades que realitzi, amb la legislaci\u00f3 vigent en cada moment en mat\u00e8ria de protecci\u00f3 de dades, actualment el Reglament General de Protecci\u00f3 de Dades (UE) [&hellip;]\" \/>\n<meta property=\"og:url\" content=\"https:\/\/fundaciocatalunyacultura.cat\/es\/politica-de-privacidad\/\" \/>\n<meta property=\"og:site_name\" content=\"Fundaci\u00f3 Catalunya Cultura\" \/>\n<meta property=\"article:publisher\" content=\"https:\/\/www.facebook.com\/fundaciocatalunyacultura\/\" \/>\n<meta property=\"article:modified_time\" content=\"2025-04-01T10:51:50+00:00\" \/>\n<meta name=\"twitter:card\" content=\"summary_large_image\" \/>\n<meta name=\"twitter:site\" content=\"@fcatcultura\" \/>\n<meta name=\"twitter:label1\" content=\"Tiempo de lectura\" \/>\n\t<meta name=\"twitter:data1\" content=\"6 minutos\" \/>\n<script type=\"application\/ld+json\" class=\"yoast-schema-graph\">{\"@context\":\"https:\/\/schema.org\",\"@graph\":[{\"@type\":\"WebPage\",\"@id\":\"https:\/\/fundaciocatalunyacultura.cat\/es\/politica-de-privacidad\/\",\"url\":\"https:\/\/fundaciocatalunyacultura.cat\/es\/politica-de-privacidad\/\",\"name\":\"Pol\u00edtica de privacidad | Fundaci\u00f3 Catalunya Cultura\",\"isPartOf\":{\"@id\":\"https:\/\/www.fundaciocatalunyacultura.cat\/#website\"},\"datePublished\":\"2021-04-15T15:16:48+00:00\",\"dateModified\":\"2025-04-01T10:51:50+00:00\",\"breadcrumb\":{\"@id\":\"https:\/\/fundaciocatalunyacultura.cat\/es\/politica-de-privacidad\/#breadcrumb\"},\"inLanguage\":\"es\",\"potentialAction\":[{\"@type\":\"ReadAction\",\"target\":[\"https:\/\/fundaciocatalunyacultura.cat\/es\/politica-de-privacidad\/\"]}]},{\"@type\":\"BreadcrumbList\",\"@id\":\"https:\/\/fundaciocatalunyacultura.cat\/es\/politica-de-privacidad\/#breadcrumb\",\"itemListElement\":[{\"@type\":\"ListItem\",\"position\":1,\"name\":\"Inici\",\"item\":\"https:\/\/www.fundaciocatalunyacultura.cat\/es\/\"},{\"@type\":\"ListItem\",\"position\":2,\"name\":\"Pol\u00edtica de privacidad\"}]},{\"@type\":\"WebSite\",\"@id\":\"https:\/\/www.fundaciocatalunyacultura.cat\/#website\",\"url\":\"https:\/\/www.fundaciocatalunyacultura.cat\/\",\"name\":\"Fundaci\u00f3 Catalunya Cultura\",\"description\":\"\",\"publisher\":{\"@id\":\"https:\/\/www.fundaciocatalunyacultura.cat\/#organization\"},\"potentialAction\":[{\"@type\":\"SearchAction\",\"target\":{\"@type\":\"EntryPoint\",\"urlTemplate\":\"https:\/\/www.fundaciocatalunyacultura.cat\/?s={search_term_string}\"},\"query-input\":{\"@type\":\"PropertyValueSpecification\",\"valueRequired\":true,\"valueName\":\"search_term_string\"}}],\"inLanguage\":\"es\"},{\"@type\":\"Organization\",\"@id\":\"https:\/\/www.fundaciocatalunyacultura.cat\/#organization\",\"name\":\"Fundaci\u00f3 Catalunya Cultura\",\"url\":\"https:\/\/www.fundaciocatalunyacultura.cat\/\",\"logo\":{\"@type\":\"ImageObject\",\"inLanguage\":\"es\",\"@id\":\"https:\/\/www.fundaciocatalunyacultura.cat\/#\/schema\/logo\/image\/\",\"url\":\"https:\/\/hundreds-wordpress-uploads.s3.amazonaws.com\/fundacio-catalunya-cultura\/uploads\/2021\/03\/fcc_logo_blanc-scaled.jpeg\",\"contentUrl\":\"https:\/\/hundreds-wordpress-uploads.s3.amazonaws.com\/fundacio-catalunya-cultura\/uploads\/2021\/03\/fcc_logo_blanc-scaled.jpeg\",\"width\":2560,\"height\":1785,\"caption\":\"Fundaci\u00f3 Catalunya Cultura\"},\"image\":{\"@id\":\"https:\/\/www.fundaciocatalunyacultura.cat\/#\/schema\/logo\/image\/\"},\"sameAs\":[\"https:\/\/www.facebook.com\/fundaciocatalunyacultura\/\",\"https:\/\/x.com\/fcatcultura\",\"https:\/\/www.linkedin.com\/company\/fundaci\u00f3-catalunya-cultura\/\",\"https:\/\/ca.wikipedia.org\/wiki\/Fundaci\u00f3_Catalunya_Cultura\"]}]}<\/script>\n<!-- \/ Yoast SEO plugin. -->","yoast_head_json":{"title":"Pol\u00edtica de privacidad | Fundaci\u00f3 Catalunya Cultura","robots":{"index":"index","follow":"follow","max-snippet":"max-snippet:-1","max-image-preview":"max-image-preview:large","max-video-preview":"max-video-preview:-1"},"canonical":"https:\/\/fundaciocatalunyacultura.cat\/es\/politica-de-privacidad\/","og_locale":"es_ES","og_type":"article","og_title":"Pol\u00edtica de privacidad | Fundaci\u00f3 Catalunya Cultura","og_description":"Pol\u00edtica de privacitat de la Fundaci\u00f3 Catalunya Cultura La FUNDACI\u00d3 CATALUNYA CULTURA es compromet a realitzar els m\u00e0xims esfor\u00e7os per complir en tot moment en relaci\u00f3 amb els tractaments de dades que realitzi, amb la legislaci\u00f3 vigent en cada moment en mat\u00e8ria de protecci\u00f3 de dades, actualment el Reglament General de Protecci\u00f3 de Dades (UE) [&hellip;]","og_url":"https:\/\/fundaciocatalunyacultura.cat\/es\/politica-de-privacidad\/","og_site_name":"Fundaci\u00f3 Catalunya Cultura","article_publisher":"https:\/\/www.facebook.com\/fundaciocatalunyacultura\/","article_modified_time":"2025-04-01T10:51:50+00:00","twitter_card":"summary_large_image","twitter_site":"@fcatcultura","twitter_misc":{"Tiempo de lectura":"6 minutos"},"schema":{"@context":"https:\/\/schema.org","@graph":[{"@type":"WebPage","@id":"https:\/\/fundaciocatalunyacultura.cat\/es\/politica-de-privacidad\/","url":"https:\/\/fundaciocatalunyacultura.cat\/es\/politica-de-privacidad\/","name":"Pol\u00edtica de privacidad | Fundaci\u00f3 Catalunya Cultura","isPartOf":{"@id":"https:\/\/www.fundaciocatalunyacultura.cat\/#website"},"datePublished":"2021-04-15T15:16:48+00:00","dateModified":"2025-04-01T10:51:50+00:00","breadcrumb":{"@id":"https:\/\/fundaciocatalunyacultura.cat\/es\/politica-de-privacidad\/#breadcrumb"},"inLanguage":"es","potentialAction":[{"@type":"ReadAction","target":["https:\/\/fundaciocatalunyacultura.cat\/es\/politica-de-privacidad\/"]}]},{"@type":"BreadcrumbList","@id":"https:\/\/fundaciocatalunyacultura.cat\/es\/politica-de-privacidad\/#breadcrumb","itemListElement":[{"@type":"ListItem","position":1,"name":"Inici","item":"https:\/\/www.fundaciocatalunyacultura.cat\/es\/"},{"@type":"ListItem","position":2,"name":"Pol\u00edtica de privacidad"}]},{"@type":"WebSite","@id":"https:\/\/www.fundaciocatalunyacultura.cat\/#website","url":"https:\/\/www.fundaciocatalunyacultura.cat\/","name":"Fundaci\u00f3 Catalunya Cultura","description":"","publisher":{"@id":"https:\/\/www.fundaciocatalunyacultura.cat\/#organization"},"potentialAction":[{"@type":"SearchAction","target":{"@type":"EntryPoint","urlTemplate":"https:\/\/www.fundaciocatalunyacultura.cat\/?s={search_term_string}"},"query-input":{"@type":"PropertyValueSpecification","valueRequired":true,"valueName":"search_term_string"}}],"inLanguage":"es"},{"@type":"Organization","@id":"https:\/\/www.fundaciocatalunyacultura.cat\/#organization","name":"Fundaci\u00f3 Catalunya Cultura","url":"https:\/\/www.fundaciocatalunyacultura.cat\/","logo":{"@type":"ImageObject","inLanguage":"es","@id":"https:\/\/www.fundaciocatalunyacultura.cat\/#\/schema\/logo\/image\/","url":"https:\/\/hundreds-wordpress-uploads.s3.amazonaws.com\/fundacio-catalunya-cultura\/uploads\/2021\/03\/fcc_logo_blanc-scaled.jpeg","contentUrl":"https:\/\/hundreds-wordpress-uploads.s3.amazonaws.com\/fundacio-catalunya-cultura\/uploads\/2021\/03\/fcc_logo_blanc-scaled.jpeg","width":2560,"height":1785,"caption":"Fundaci\u00f3 Catalunya Cultura"},"image":{"@id":"https:\/\/www.fundaciocatalunyacultura.cat\/#\/schema\/logo\/image\/"},"sameAs":["https:\/\/www.facebook.com\/fundaciocatalunyacultura\/","https:\/\/x.com\/fcatcultura","https:\/\/www.linkedin.com\/company\/fundaci\u00f3-catalunya-cultura\/","https:\/\/ca.wikipedia.org\/wiki\/Fundaci\u00f3_Catalunya_Cultura"]}]}},"_links":{"self":[{"href":"https:\/\/fundaciocatalunyacultura.cat\/es\/wp-json\/wp\/v2\/pages\/4207","targetHints":{"allow":["GET"]}}],"collection":[{"href":"https:\/\/fundaciocatalunyacultura.cat\/es\/wp-json\/wp\/v2\/pages"}],"about":[{"href":"https:\/\/fundaciocatalunyacultura.cat\/es\/wp-json\/wp\/v2\/types\/page"}],"author":[{"embeddable":true,"href":"https:\/\/fundaciocatalunyacultura.cat\/es\/wp-json\/wp\/v2\/users\/1"}],"replies":[{"embeddable":true,"href":"https:\/\/fundaciocatalunyacultura.cat\/es\/wp-json\/wp\/v2\/comments?post=4207"}],"version-history":[{"count":2,"href":"https:\/\/fundaciocatalunyacultura.cat\/es\/wp-json\/wp\/v2\/pages\/4207\/revisions"}],"predecessor-version":[{"id":24508,"href":"https:\/\/fundaciocatalunyacultura.cat\/es\/wp-json\/wp\/v2\/pages\/4207\/revisions\/24508"}],"wp:attachment":[{"href":"https:\/\/fundaciocatalunyacultura.cat\/es\/wp-json\/wp\/v2\/media?parent=4207"}],"curies":[{"name":"wp","href":"https:\/\/api.w.org\/{rel}","templated":true}]}}